{"id":47902,"date":"2026-01-19T19:33:29","date_gmt":"2026-01-19T19:33:29","guid":{"rendered":"https:\/\/dev.humemodern.com\/?page_id=47902"},"modified":"2026-01-19T19:33:29","modified_gmt":"2026-01-19T19:33:29","slug":"upholstery","status":"publish","type":"page","link":"https:\/\/dev.humemodern.com\/index.php\/upholstery\/","title":{"rendered":"Upholstery"},"content":{"rendered":"\n<h2 class=\"wp-block-heading has-text-align-center\">CUSTOM &amp; ORIGINAL STYLE UPHOLSTERY<\/h2>\n\n\n\n<p class=\"has-text-align-center\">RE-ROPING, WEBBING AND CANING<\/p>\n\n\n\n<figure class=\"wp-block-gallery has-nested-images columns-default is-cropped wp-block-gallery-1 is-layout-flex wp-block-gallery-is-layout-flex\"><div class=\"wp-block-image\">\n<figure class=\"aligncenter size-large\"><img fetchpriority=\"high\" decoding=\"async\" width=\"1024\" height=\"655\" data-id=\"47903\" src=\"https:\/\/dev.humemodern.com\/wp-content\/uploads\/2026\/01\/Screenshot-2026-01-20-at-12.53.52-AM-1024x655.png\" alt=\"\" class=\"wp-image-47903\" srcset=\"https:\/\/dev.humemodern.com\/wp-content\/uploads\/2026\/01\/Screenshot-2026-01-20-at-12.53.52-AM-1024x655.png 1024w, https:\/\/dev.humemodern.com\/wp-content\/uploads\/2026\/01\/Screenshot-2026-01-20-at-12.53.52-AM-300x192.png 300w, https:\/\/dev.humemodern.com\/wp-content\/uploads\/2026\/01\/Screenshot-2026-01-20-at-12.53.52-AM-768x491.png 768w, https:\/\/dev.humemodern.com\/wp-content\/uploads\/2026\/01\/Screenshot-2026-01-20-at-12.53.52-AM-1536x983.png 1536w, https:\/\/dev.humemodern.com\/wp-content\/uploads\/2026\/01\/Screenshot-2026-01-20-at-12.53.52-AM-1200x768.png 1200w, https:\/\/dev.humemodern.com\/wp-content\/uploads\/2026\/01\/Screenshot-2026-01-20-at-12.53.52-AM.png 1774w\" sizes=\"(max-width: 1024px) 100vw, 1024px\" \/><\/figure>\n<\/div><\/figure>\n\n\n\n<p class=\"has-text-align-center\">Service includes the replacement of all leather, fabric, webbing, straps, rope &amp; foam using the highest quality products, materials &nbsp;&amp; craftsmanship.<\/p>\n\n\n\n<p class=\"has-text-align-center\">To name but a few classic designers and manufactures we work with<\/p>\n\n\n<div class=\"wp-block-image\">\n<figure class=\"aligncenter is-resized\"><img decoding=\"async\" src=\"https:\/\/s.w.org\/images\/core\/emoji\/17.0.2\/svg\/1f1fa-1f1f8.svg\" alt=\"\ud83c\uddfa\ud83c\uddf8\" style=\"width:60px;height:auto\"\/><\/figure>\n<\/div>\n\n\n<p class=\"has-text-align-center\"><strong>&nbsp;American Designers<\/strong><\/p>\n\n\n\n<p class=\"has-text-align-center\">Charles and Ray Eames, George Nelson, Florence Knoll, George Nakashima, Paul McCobb, Edward Wormley, Adrian Pearsall, Jens Risom<\/p>\n\n\n\n<p class=\"has-text-align-center\">Harvey Probber, Paul Evans, Milo Baughman T.H. Robsjohn-Gibbings, Vladimir Kagan, Russel Wright, Warren Platner, Eero Saarinen<\/p>\n\n\n\n<p class=\"has-text-align-center\">Isamu Noguchi, Ward Bennett, Norman Cherner, Richard Schultz, Alexander Girard, Don Knorr, Arthur Umanoff, John Kapel, Kipp Stewart<\/p>\n\n\n<div class=\"wp-block-image\">\n<figure class=\"aligncenter is-resized\"><img decoding=\"async\" src=\"https:\/\/s.w.org\/images\/core\/emoji\/17.0.2\/svg\/1f1e9-1f1f0.svg\" alt=\"\ud83c\udde9\ud83c\uddf0\" style=\"width:74px;height:auto\"\/><\/figure>\n<\/div>\n\n\n<p class=\"has-text-align-center\"><strong>&nbsp;Danish Designers<\/strong><\/p>\n\n\n\n<p class=\"has-text-align-center\">Hans J. Wegner, Arne Jacobsen, B\u00f8rge Mogensen, Finn Juhl, Kaare Klint ,Grete Jalk, Ib Kofod-Larsen, Poul Kj\u00e6rholm, Poul Henningsen<\/p>\n\n\n\n<p class=\"has-text-align-center\">Nanna Ditzel, Ole Wanscher, J\u00f8rgen H\u00f8j, Arne Vodder, Ejner Larsen, Axel Bender Madsen, Henning Kj\u00e6rnulf, Jens Quistgaard, Erik Buch,<\/p>\n\n\n\n<p class=\"has-text-align-center\">Erik Ole J\u00f8rgensen, Peter Hvidt &amp; Orla M\u00f8lgaard-Nielsen, Kurt \u00d8stervig, Severin Hansen Jr., Johannes Andersen, Ib Arberg, Svend Aage Madsen<\/p>\n\n\n<div class=\"wp-block-image\">\n<figure class=\"aligncenter is-resized\"><img decoding=\"async\" src=\"https:\/\/s.w.org\/images\/core\/emoji\/17.0.2\/svg\/1f1eb-1f1ee.svg\" alt=\"\ud83c\uddeb\ud83c\uddee\" style=\"width:72px;height:auto\"\/><\/figure>\n<\/div>\n\n\n<p class=\"has-text-align-center\"><strong>&nbsp;Finnish Designers<\/strong><\/p>\n\n\n\n<p class=\"has-text-align-center\">Alvar Aalto, Ilmari Tapiovaara, Eero Aarnio, Yrj\u00f6 Kukkapuro, Tapio Wirkkala<\/p>\n\n\n\n<p class=\"has-text-align-center\">Antti Nurmesniemi, Olli Borg, Esko Pajamies, Aulis Leinonen, Mauri Almari<\/p>\n\n\n<div class=\"wp-block-image\">\n<figure class=\"aligncenter is-resized\"><img decoding=\"async\" src=\"https:\/\/s.w.org\/images\/core\/emoji\/17.0.2\/svg\/1f1f8-1f1ea.svg\" alt=\"\ud83c\uddf8\ud83c\uddea\" style=\"width:66px;height:auto\"\/><\/figure>\n<\/div>\n\n\n<p class=\"has-text-align-center\"><strong>&nbsp;Swedish Designers<\/strong><\/p>\n\n\n\n<p class=\"has-text-align-center\">Bruno Mathsson, Carl Malmsten, Yngve Ekstr\u00f6m, Folke Ohlsson, Bertil Fridhagen, Arne Norell,<\/p>\n\n\n\n<p class=\"has-text-align-center\">Gunnar Myrstrand, B\u00f8rge Lindau, Bo Lindekrantz Lennart Bender<\/p>\n\n\n<div class=\"wp-block-image\">\n<figure class=\"aligncenter is-resized\"><img decoding=\"async\" src=\"https:\/\/s.w.org\/images\/core\/emoji\/17.0.2\/svg\/1f1eb-1f1f7.svg\" alt=\"\ud83c\uddeb\ud83c\uddf7\" style=\"width:60px;height:auto\"\/><\/figure>\n<\/div>\n\n\n<p class=\"has-text-align-center\"><strong>&nbsp;French Designers<\/strong><\/p>\n\n\n\n<p class=\"has-text-align-center\">Charlotte Perriand, Pierre Paulin, Jean Prouv\u00e9, Le Corbusier, Philippe Starck,<\/p>\n\n\n\n<p class=\"has-text-align-center\">Roger Tallon, Joseph-Andr\u00e9 Motte, Pierre Guariche, Olivier Mourgue, Michel Mortier<\/p>\n\n\n<div class=\"wp-block-image\">\n<figure class=\"aligncenter is-resized\"><img decoding=\"async\" src=\"https:\/\/s.w.org\/images\/core\/emoji\/17.0.2\/svg\/1f1ee-1f1f9.svg\" alt=\"\ud83c\uddee\ud83c\uddf9\" style=\"width:70px;height:auto\"\/><\/figure>\n<\/div>\n\n\n<p class=\"has-text-align-center\"><strong>&nbsp;Italian Designers<\/strong><\/p>\n\n\n\n<p class=\"has-text-align-center\">Gio Ponti, Franco Albini, Achille Castiglioni, Carlo Mollino, Marco Zanuso, Osvaldo Borsani<\/p>\n\n\n\n<p class=\"has-text-align-center\">Vico Magistretti, Tobia Scarpa, Guglielmo Ulrich, Ignazio Gardella<\/p>\n\n\n<div class=\"wp-block-image\">\n<figure class=\"aligncenter is-resized\"><img decoding=\"async\" src=\"https:\/\/s.w.org\/images\/core\/emoji\/17.0.2\/svg\/1f30d.svg\" alt=\"\ud83c\udf0d\" style=\"width:70px;height:auto\"\/><\/figure>\n<\/div>\n\n\n<p class=\"has-text-align-center\"><strong>&nbsp;Other Notable Designers<\/strong><\/p>\n\n\n\n<p class=\"has-text-align-center\">Joaquim Tenreiro (Brazil), Sergio Rodrigues (Brazil), Clement Meadmore (Australia), Douglas Snelling (Australia), Robin Day (UK),<\/p>\n\n\n\n<p class=\"has-text-align-center\">Terence Conran (UK), Marcel Breuer (Hungary\/USA), Isamu Kenmochi (Japan), Sori Yanagi (Japan), Kazuhide Takahama (Japan)<\/p>\n\n\n\n<p class=\"has-text-align-center\">Oh and Design within Reach<\/p>\n\n\n<div class=\"wp-block-image\">\n<figure class=\"aligncenter size-full is-resized\"><img decoding=\"async\" width=\"608\" height=\"428\" src=\"https:\/\/dev.humemodern.com\/wp-content\/uploads\/2026\/01\/Screenshot-2026-01-20-at-12.46.29-AM-1.png\" alt=\"\" class=\"wp-image-47904\" style=\"width:284px;height:auto\" srcset=\"https:\/\/dev.humemodern.com\/wp-content\/uploads\/2026\/01\/Screenshot-2026-01-20-at-12.46.29-AM-1.png 608w, https:\/\/dev.humemodern.com\/wp-content\/uploads\/2026\/01\/Screenshot-2026-01-20-at-12.46.29-AM-1-300x211.png 300w\" sizes=\"(max-width: 608px) 100vw, 608px\" \/><\/figure>\n<\/div>\n\n\n<div class=\"wp-block-buttons is-layout-flex wp-block-buttons-is-layout-flex\">\n<div class=\"wp-block-button\"><a class=\"wp-block-button__link wp-element-button\" href=\"https:\/\/humemodern.com\/estimate-request\/\">ESTIMATE REQUEST<\/a><\/div>\n<\/div>\n\n\n\n<p><\/p>\n","protected":false},"excerpt":{"rendered":"<p>CUSTOM &amp; ORIGINAL STYLE UPHOLSTERY RE-ROPING, WEBBING AND CANING Service includes the replacement of all leather, fabric, webbing, straps, rope &amp; foam using the highest quality products, materials &nbsp;&amp; craftsmanship. To name but a few classic designers and manufactures we work with &nbsp;American Designers Charles and Ray Eames, George Nelson, Florence Knoll, George Nakashima, Paul&hellip;<\/p>\n","protected":false},"author":1,"featured_media":0,"parent":0,"menu_order":0,"comment_status":"closed","ping_status":"closed","template":"","meta":{"footnotes":""},"class_list":["post-47902","page","type-page","status-publish","hentry","description-off"],"_links":{"self":[{"href":"https:\/\/dev.humemodern.com\/index.php\/wp-json\/wp\/v2\/pages\/47902","targetHints":{"allow":["GET"]}}],"collection":[{"href":"https:\/\/dev.humemodern.com\/index.php\/wp-json\/wp\/v2\/pages"}],"about":[{"href":"https:\/\/dev.humemodern.com\/index.php\/wp-json\/wp\/v2\/types\/page"}],"author":[{"embeddable":true,"href":"https:\/\/dev.humemodern.com\/index.php\/wp-json\/wp\/v2\/users\/1"}],"replies":[{"embeddable":true,"href":"https:\/\/dev.humemodern.com\/index.php\/wp-json\/wp\/v2\/comments?post=47902"}],"version-history":[{"count":1,"href":"https:\/\/dev.humemodern.com\/index.php\/wp-json\/wp\/v2\/pages\/47902\/revisions"}],"predecessor-version":[{"id":47905,"href":"https:\/\/dev.humemodern.com\/index.php\/wp-json\/wp\/v2\/pages\/47902\/revisions\/47905"}],"wp:attachment":[{"href":"https:\/\/dev.humemodern.com\/index.php\/wp-json\/wp\/v2\/media?parent=47902"}],"curies":[{"name":"wp","href":"https:\/\/api.w.org\/{rel}","templated":true}]}}